{"id":56,"date":"2016-10-17T13:52:01","date_gmt":"2016-10-17T13:52:01","guid":{"rendered":"http:\/\/evahahn.com\/?page_id=56"},"modified":"2021-03-22T13:07:13","modified_gmt":"2021-03-22T13:07:13","slug":"ueber-eva-hahn","status":"publish","type":"page","link":"http:\/\/evahahn.com\/?page_id=56","title":{"rendered":"\u00fcber mich"},"content":{"rendered":"<div class=\"page\" title=\"Page 1\">\n<div class=\"section\">\n<div class=\"layoutArea\">\n<div class=\"column\">\n<p style=\"text-align: center;\"><img loading=\"lazy\" class=\"alignnone size-full wp-image-254\" src=\"http:\/\/evahahn.com\/wp-content\/uploads\/2016\/10\/EVAHAHN_web_ulineumanncosel_27.jpg\" alt=\"\" width=\"2048\" height=\"1365\" srcset=\"http:\/\/evahahn.com\/wp-content\/uploads\/2016\/10\/EVAHAHN_web_ulineumanncosel_27.jpg 2048w, http:\/\/evahahn.com\/wp-content\/uploads\/2016\/10\/EVAHAHN_web_ulineumanncosel_27-300x200.jpg 300w, http:\/\/evahahn.com\/wp-content\/uploads\/2016\/10\/EVAHAHN_web_ulineumanncosel_27-768x512.jpg 768w, http:\/\/evahahn.com\/wp-content\/uploads\/2016\/10\/EVAHAHN_web_ulineumanncosel_27-1024x683.jpg 1024w\" sizes=\"(max-width: 2048px) 100vw, 2048px\" \/><\/p>\n<p style=\"text-align: center;\">meinen ersten Geigenunterricht erhielt ich mit sieben Jahren. Zuvor besuchte ich eine klassische musikalische Fr\u00fcherziehung und entschied mich am Ende ganz klar f\u00fcr die Geige.<\/p>\n<p style=\"text-align: center;\">Meine geigerische Ausbildung war besonders durch die Streichquartett Kammermusik gepr\u00e4gt.\u00a0Schon fr\u00fch f\u00f6rderte mein Lehrer so das gemeinsame Musizieren, aufeinander H\u00f6ren und Erarbeiten komplexer Werke. Diese begl\u00fcckenden Momente haben sicher dazu beigetragen, dass ich die Musik und die Geige zu meinem Beruf gemacht habe.<\/p>\n<p style=\"text-align: center;\">Mein Studium begann ich zun\u00e4chst\u00a0bei der renommierten Geigerin Christiane Edinger an der Musikhochschule L\u00fcbeck und ging anschlie\u00dfend nach Stuttgart zu Christine Busch, bei der ich wichtige Impulse auf der Barockgeige und in der historischen Auff\u00fchrungspraxis erhielt. Im Streichquartettspiel wurde ich von Walter Levin (LaSalle String Quartet) und dem Verdi Quartett betreut. Zus\u00e4tzlich sammelte ich Orchestererfahrungen als Mitglied der Jungen Deutschen Philharmonie und als Akademistin am Theater L\u00fcbeck und Staatstheater Stuttgart.<\/p>\n<p style=\"text-align: center;\">Von 2006 bis 2018 spielte ich in den Zweiten Violinen des Orchesters der Deutschen Oper Berlin und war Gast\u00a0in verschiedenen Orchestern, u.a. an der Staatsoper unter den Linden in Berlin und der Komischen Oper Berlin, im Rundfunk-Sinfonieorchester Berlin, in der Kammerakademie Potsdam, an der Staatsoper Hamburg, im Orchester des Staatstheaters am G\u00e4rtnerplatz und bei den M\u00fcnchner Philharmonikern. Besonders gerne arbeite ich in verschiedenen Kammerorchestern wie dem M\u00fcnchener Kammerorchester, dem Ensemble Modern und der Bayerischen Kammerphilharmonie. Seit 2018 bin ich als Vorspielerin der Zweiten Violinen des M\u00fcnchner Rundfunkorchesters engagiert.<\/p>\n<p style=\"text-align: center;\">Neben meiner Orchester -und Kammermusikt\u00e4tigkeit bin ich leidenschaftliche Violinp\u00e4dagogin und lizenzierte Musikgarten-Lehrerin. Als Jurorin wirkte ich bei verschiedenen Wettbewerben mit, z.B. bei Jugend musiziert auf Regional- und Landesebene in Berlin oder beim Kammermusikwettbewerb Sforzando in Paris.<\/p>\n<p style=\"text-align: center;\">\u00a0Ich lebe mit meinem Mann und meinen zwei\u00a0Kindern im oberbayerischen Otterfing in der N\u00e4he von M\u00fcnchen.<\/p>\n<\/div>\n<\/div>\n<\/div>\n<\/div>\n","protected":false},"excerpt":{"rendered":"<p>meinen ersten Geigenunterricht erhielt ich mit sieben Jahren. Zuvor besuchte ich eine klassische musikalische Fr\u00fcherziehung und entschied mich am Ende ganz klar f\u00fcr die Geige. Meine geigerische Ausbildung war besonders durch die Streichquartett Kammermusik gepr\u00e4gt.\u00a0Schon fr\u00fch f\u00f6rderte mein Lehrer so das gemeinsame Musizieren, aufeinander H\u00f6ren und Erarbeiten komplexer Werke. Diese begl\u00fcckenden Momente haben sicher dazu [&hellip;]<\/p>\n","protected":false},"author":1,"featured_media":0,"parent":0,"menu_order":0,"comment_status":"closed","ping_status":"closed","template":"page-fullwidth.php","meta":[],"_links":{"self":[{"href":"http:\/\/evahahn.com\/index.php?rest_route=\/wp\/v2\/pages\/56"}],"collection":[{"href":"http:\/\/evahahn.com\/index.php?rest_route=\/wp\/v2\/pages"}],"about":[{"href":"http:\/\/evahahn.com\/index.php?rest_route=\/wp\/v2\/types\/page"}],"author":[{"embeddable":true,"href":"http:\/\/evahahn.com\/index.php?rest_route=\/wp\/v2\/users\/1"}],"replies":[{"embeddable":true,"href":"http:\/\/evahahn.com\/index.php?rest_route=%2Fwp%2Fv2%2Fcomments&post=56"}],"version-history":[{"count":13,"href":"http:\/\/evahahn.com\/index.php?rest_route=\/wp\/v2\/pages\/56\/revisions"}],"predecessor-version":[{"id":270,"href":"http:\/\/evahahn.com\/index.php?rest_route=\/wp\/v2\/pages\/56\/revisions\/270"}],"wp:attachment":[{"href":"http:\/\/evahahn.com\/index.php?rest_route=%2Fwp%2Fv2%2Fmedia&parent=56"}],"curies":[{"name":"wp","href":"https:\/\/api.w.org\/{rel}","templated":true}]}}