{"id":35,"date":"2016-10-17T15:28:28","date_gmt":"2016-10-17T15:28:28","guid":{"rendered":"http:\/\/evahahn.com\/?page_id=35"},"modified":"2017-05-24T10:38:14","modified_gmt":"2017-05-24T10:38:14","slug":"preise","status":"publish","type":"page","link":"http:\/\/evahahn.com\/?page_id=35","title":{"rendered":"Kursangebot"},"content":{"rendered":"<p><img loading=\"lazy\" class=\"alignnone size-medium wp-image-122 aligncenter\" src=\"http:\/\/evahahn.com\/wp-content\/uploads\/2016\/10\/MuGa_Logo_Eva-01-300x164.png\" alt=\"muga_logo_eva-01\" width=\"300\" height=\"164\" srcset=\"http:\/\/evahahn.com\/wp-content\/uploads\/2016\/10\/MuGa_Logo_Eva-01-300x164.png 300w, http:\/\/evahahn.com\/wp-content\/uploads\/2016\/10\/MuGa_Logo_Eva-01-768x420.png 768w, http:\/\/evahahn.com\/wp-content\/uploads\/2016\/10\/MuGa_Logo_Eva-01.png 992w\" sizes=\"(max-width: 300px) 100vw, 300px\" \/><\/p>\n<p>&nbsp;<\/p>\n<p><strong>Ich biete Kurse f\u00fcr Babys bis 18 Monaten und Kinder im Alter von 1,5 bis 3 Jahren an.<\/strong><\/p>\n<p>Der &#8222;Musikgarten f\u00fcr Babys&#8220; l\u00e4dt Babys und deren Eltern 30-35 min zum musikalischen Spiel ein. Schon in diesem fr\u00fchen Lebensalter genie\u00dfen bereits die Kleinsten das gemeinsame Singen, das Erforschen von Kl\u00e4ngen mit einfachen Instrumenten, Musikh\u00f6ren und Bewegung zur Musik.<\/p>\n<p>&nbsp;<\/p>\n<p>Der Musikgarten Phase 1 &#8222;Wir machen Musik&#8220;\u00a0ist eingeteilt in vier Unterrichtseinheiten mit den Themen: zu Hause, Tierwelt, Spiel und Drau\u00dfen.<\/p>\n<p>In den 40-45 min\u00fctigen Musikgartenstunden werden Kinder und deren Eltern zum gemeinsamen Singen, Tanzen und Musizieren angeregt. Diese Art von ganzheitlicher musikalischer Fr\u00fchf\u00f6rderung erm\u00f6glicht den Kindern unterschiedlichste Erfahrungen in der Musik zu machen.<\/p>\n<p>&nbsp;<\/p>\n","protected":false},"excerpt":{"rendered":"<p>&nbsp; Ich biete Kurse f\u00fcr Babys bis 18 Monaten und Kinder im Alter von 1,5 bis 3 Jahren an. Der &#8222;Musikgarten f\u00fcr Babys&#8220; l\u00e4dt Babys und deren Eltern 30-35 min zum musikalischen Spiel ein. Schon in diesem fr\u00fchen Lebensalter genie\u00dfen bereits die Kleinsten das gemeinsame Singen, das Erforschen von Kl\u00e4ngen mit einfachen Instrumenten, Musikh\u00f6ren und [&hellip;]<\/p>\n","protected":false},"author":1,"featured_media":0,"parent":11,"menu_order":0,"comment_status":"closed","ping_status":"closed","template":"","meta":[],"_links":{"self":[{"href":"http:\/\/evahahn.com\/index.php?rest_route=\/wp\/v2\/pages\/35"}],"collection":[{"href":"http:\/\/evahahn.com\/index.php?rest_route=\/wp\/v2\/pages"}],"about":[{"href":"http:\/\/evahahn.com\/index.php?rest_route=\/wp\/v2\/types\/page"}],"author":[{"embeddable":true,"href":"http:\/\/evahahn.com\/index.php?rest_route=\/wp\/v2\/users\/1"}],"replies":[{"embeddable":true,"href":"http:\/\/evahahn.com\/index.php?rest_route=%2Fwp%2Fv2%2Fcomments&post=35"}],"version-history":[{"count":11,"href":"http:\/\/evahahn.com\/index.php?rest_route=\/wp\/v2\/pages\/35\/revisions"}],"predecessor-version":[{"id":231,"href":"http:\/\/evahahn.com\/index.php?rest_route=\/wp\/v2\/pages\/35\/revisions\/231"}],"up":[{"embeddable":true,"href":"http:\/\/evahahn.com\/index.php?rest_route=\/wp\/v2\/pages\/11"}],"wp:attachment":[{"href":"http:\/\/evahahn.com\/index.php?rest_route=%2Fwp%2Fv2%2Fmedia&parent=35"}],"curies":[{"name":"wp","href":"https:\/\/api.w.org\/{rel}","templated":true}]}}