{"id":25,"date":"2016-10-17T15:29:10","date_gmt":"2016-10-17T15:29:10","guid":{"rendered":"http:\/\/evahahn.com\/?page_id=25"},"modified":"2021-03-25T20:56:17","modified_gmt":"2021-03-25T20:56:17","slug":"geigenlehrerin","status":"publish","type":"page","link":"http:\/\/evahahn.com\/?page_id=25","title":{"rendered":"Geigenunterricht"},"content":{"rendered":"\n<div class=\"wp-block-image\"><figure class=\"aligncenter\"><img loading=\"lazy\" width=\"200\" height=\"300\" src=\"http:\/\/evahahn.com\/wp-content\/uploads\/2016\/10\/EVAHAHN_web_ulineumanncosel_11-200x300.jpg\" alt=\"\" class=\"wp-image-255\" srcset=\"http:\/\/evahahn.com\/wp-content\/uploads\/2016\/10\/EVAHAHN_web_ulineumanncosel_11-200x300.jpg 200w, http:\/\/evahahn.com\/wp-content\/uploads\/2016\/10\/EVAHAHN_web_ulineumanncosel_11-768x1152.jpg 768w, http:\/\/evahahn.com\/wp-content\/uploads\/2016\/10\/EVAHAHN_web_ulineumanncosel_11-683x1024.jpg 683w, http:\/\/evahahn.com\/wp-content\/uploads\/2016\/10\/EVAHAHN_web_ulineumanncosel_11.jpg 1365w\" sizes=\"(max-width: 200px) 100vw, 200px\" \/><\/figure><\/div>\n\n\n\n<p>Ich unterrichte als Violinlehrerin Anf\u00e4nger und Fortgeschrittene jeden Alters.<br>Ob als wunderbares Hobby oder im Hinblick auf eine musikalische Berufslaufbahn:<br>ich begleite meine Sch\u00fcler auf ihrem ganz eigenen musikalischen Weg.<br>W\u00e4hrend meiner Kindheit und Jugend habe ich es immer genossen, Zeit mit der Geige zu verbringen, ob alleine oder sp\u00e4ter im Kammermusikensemble und Orchester.<br>Neben den allt\u00e4glichen Pflichten bedeutet das Musizieren ein Eintauchen in eine andere zauberhafte Welt.<\/p>\n\n\n\n<p>Das Erlernen eines Instruments f\u00f6rdert zudem verschiedenste F\u00e4higkeiten:<br>zuh\u00f6ren und in sich hinein f\u00fchlen k\u00f6nnen, Feinmotorik, Disziplin und vieles mehr.<br>Im Zusammenspiel mit anderen werden soziale Kompetenzen gest\u00e4rkt und ein gesundes Selbstbewusstsein entwickelt. Durch gemeinsame Proben und Konzerte entstehen&nbsp;auch Freundschaften unter Musizierenden.<br>Bei regelm\u00e4\u00dfigen Vorspielen k\u00f6nnen meine Sch\u00fcler das Erlernte pr\u00e4sentieren.<\/p>\n\n\n\n<p>Bei der Vermittlung der Violintechnik und der Erarbeitung eines Repertoires aus der reichen Violinliteratur gehe ich auf die individuellen Bed\u00fcrfnisse meiner Sch\u00fcler ein.<br>Ich bereite zudem auf Wettbewerbe und Aufnahmepr\u00fcfungen vor.<\/p>\n\n\n\n<figure class=\"wp-block-image size-large\"><img loading=\"lazy\" width=\"1024\" height=\"683\" src=\"http:\/\/evahahn.com\/wp-content\/uploads\/2021\/03\/EVAHAHN_web_ulineumanncosel_38-1024x683.jpg\" alt=\"\" class=\"wp-image-299\" srcset=\"http:\/\/evahahn.com\/wp-content\/uploads\/2021\/03\/EVAHAHN_web_ulineumanncosel_38-1024x683.jpg 1024w, http:\/\/evahahn.com\/wp-content\/uploads\/2021\/03\/EVAHAHN_web_ulineumanncosel_38-300x200.jpg 300w, http:\/\/evahahn.com\/wp-content\/uploads\/2021\/03\/EVAHAHN_web_ulineumanncosel_38-768x512.jpg 768w, http:\/\/evahahn.com\/wp-content\/uploads\/2021\/03\/EVAHAHN_web_ulineumanncosel_38-1536x1024.jpg 1536w, http:\/\/evahahn.com\/wp-content\/uploads\/2021\/03\/EVAHAHN_web_ulineumanncosel_38.jpg 2048w\" sizes=\"(max-width: 1024px) 100vw, 1024px\" \/><\/figure>\n","protected":false},"excerpt":{"rendered":"<p>Ich unterrichte als Violinlehrerin Anf\u00e4nger und Fortgeschrittene jeden Alters.Ob als wunderbares Hobby oder im Hinblick auf eine musikalische Berufslaufbahn:ich begleite meine Sch\u00fcler auf ihrem ganz eigenen musikalischen Weg.W\u00e4hrend meiner Kindheit und Jugend habe ich es immer genossen, Zeit mit der Geige zu verbringen, ob alleine oder sp\u00e4ter im Kammermusikensemble und Orchester.Neben den allt\u00e4glichen Pflichten bedeutet [&hellip;]<\/p>\n","protected":false},"author":1,"featured_media":0,"parent":0,"menu_order":0,"comment_status":"closed","ping_status":"closed","template":"","meta":[],"_links":{"self":[{"href":"http:\/\/evahahn.com\/index.php?rest_route=\/wp\/v2\/pages\/25"}],"collection":[{"href":"http:\/\/evahahn.com\/index.php?rest_route=\/wp\/v2\/pages"}],"about":[{"href":"http:\/\/evahahn.com\/index.php?rest_route=\/wp\/v2\/types\/page"}],"author":[{"embeddable":true,"href":"http:\/\/evahahn.com\/index.php?rest_route=\/wp\/v2\/users\/1"}],"replies":[{"embeddable":true,"href":"http:\/\/evahahn.com\/index.php?rest_route=%2Fwp%2Fv2%2Fcomments&post=25"}],"version-history":[{"count":10,"href":"http:\/\/evahahn.com\/index.php?rest_route=\/wp\/v2\/pages\/25\/revisions"}],"predecessor-version":[{"id":300,"href":"http:\/\/evahahn.com\/index.php?rest_route=\/wp\/v2\/pages\/25\/revisions\/300"}],"wp:attachment":[{"href":"http:\/\/evahahn.com\/index.php?rest_route=%2Fwp%2Fv2%2Fmedia&parent=25"}],"curies":[{"name":"wp","href":"https:\/\/api.w.org\/{rel}","templated":true}]}}