{"id":128,"date":"2016-11-15T14:33:07","date_gmt":"2016-11-15T14:33:07","guid":{"rendered":"http:\/\/evahahn.com\/?page_id=128"},"modified":"2016-12-15T14:13:30","modified_gmt":"2016-12-15T14:13:30","slug":"konzept","status":"publish","type":"page","link":"http:\/\/evahahn.com\/?page_id=128","title":{"rendered":"Konzept"},"content":{"rendered":"<p>&nbsp;<\/p>\n<p style=\"text-align: center;\"><strong><em>&#8222;Singen ist das Fundament zur Musik in allen Dingen.&#8220;<\/em><\/strong><br \/>\nG. Ph. Telemann<\/p>\n<p style=\"text-align: center;\"><img loading=\"lazy\" class=\"alignnone size-medium wp-image-122\" src=\"http:\/\/evahahn.com\/wp-content\/uploads\/2016\/10\/MuGa_Logo_Eva-01-300x164.png\" alt=\"muga_logo_eva-01\" width=\"300\" height=\"164\" srcset=\"http:\/\/evahahn.com\/wp-content\/uploads\/2016\/10\/MuGa_Logo_Eva-01-300x164.png 300w, http:\/\/evahahn.com\/wp-content\/uploads\/2016\/10\/MuGa_Logo_Eva-01-768x420.png 768w, http:\/\/evahahn.com\/wp-content\/uploads\/2016\/10\/MuGa_Logo_Eva-01.png 992w\" sizes=\"(max-width: 300px) 100vw, 300px\" \/><\/p>\n<p style=\"text-align: center;\">Herzlich willkommen im Musikgarten!<br \/>\nAlle Kinder lieben Musik und haben eine nat\u00fcrliche Freude an allem Klingenden, am Singen, Bewegen und Tanzen. Dies m\u00f6chte ich in meinen Kursen erhalten und f\u00f6rdern.<br \/>\nWir musizieren mit kindgerechten Musikinstrumenten wie Gl\u00f6ckchen, Rasseln, Klangh\u00f6lzern und Trommeln. Fingerspiele schulen die Feinmotorik,\u00a0bunte T\u00fccher regen die Kreativit\u00e4t an\u00a0und durch Kniereiter erleben die Kinder den Puls der Musik.<br \/>\nSo tauchen schon die Kleinsten in die Welt der Musik ein und erlernen spielerisch erste musikalische Grundkenntnisse.<br \/>\nKinder lernen durch st\u00e4ndige Wiederholung und Imitieren.\u00a0Im Musikgarten musizieren Kinder deshalb gemeinsam mit ihren Eltern, denn Eltern sind f\u00fcr Kinder in den ersten Jahren die wichtigsten Vorbilder.<\/p>\n<p style=\"text-align: center;\">Ein besonderes Ziel des Musikgartens ist es, das Singen und Musizieren in die Familie zu bringen. Sch\u00f6pfen Sie auch zu Hause aus dem sch\u00f6nen Repertoire an Liedern!<\/p>\n<p style=\"text-align: center;\">\n<p style=\"text-align: center;\">\r\n\t<div class=\"slideshow_container slideshow_container_style-light\" style=\"height: 350px; \" data-slideshow-id=\"218\" data-style-name=\"style-light\" data-style-version=\"2.3.1\" >\r\n\r\n\t\t\t\t\t<div class=\"slideshow_loading_icon\"><\/div>\r\n\t\t\r\n\t\t<div class=\"slideshow_content\" style=\"display: none;\">\r\n\r\n\t\t\t<div class=\"slideshow_view\">\r\n\t\t\t\t<div class=\"slideshow_slide slideshow_slide_image\">\r\n\t\t\t\t\t\t\t\t\t\t\t<img src=\"http:\/\/evahahn.com\/wp-content\/uploads\/2016\/12\/MATERIA1.jpg\" alt=\"materia1\" width=\"570\" height=\"372\" \/>\r\n\t\t\t\t\t\t\t\t\t\t<div class=\"slideshow_description_box slideshow_transparent\">\r\n\t\t\t\t\t\t<div class=\"slideshow_title\">materia1<\/div>\t\t\t\t\t\t\t\t\t\t\t<\/div>\r\n\t\t\t\t<\/div>\r\n\r\n\t\t\t\t\t\t<div style=\"clear: both;\"><\/div><\/div><div class=\"slideshow_view\">\r\n\t\t\t\t<div class=\"slideshow_slide slideshow_slide_image\">\r\n\t\t\t\t\t\t\t\t\t\t\t<img src=\"http:\/\/evahahn.com\/wp-content\/uploads\/2016\/12\/JUNGEHAE.jpg\" alt=\"jungehae\" width=\"572\" height=\"373\" \/>\r\n\t\t\t\t\t\t\t\t\t\t<div class=\"slideshow_description_box slideshow_transparent\">\r\n\t\t\t\t\t\t<div class=\"slideshow_title\">jungehae<\/div>\t\t\t\t\t\t\t\t\t\t\t<\/div>\r\n\t\t\t\t<\/div>\r\n\r\n\t\t\t\t\t\t<div style=\"clear: both;\"><\/div><\/div><div class=\"slideshow_view\">\r\n\t\t\t\t<div class=\"slideshow_slide slideshow_slide_image\">\r\n\t\t\t\t\t\t\t\t\t\t\t<img src=\"http:\/\/evahahn.com\/wp-content\/uploads\/2016\/12\/JUNGEMIT.jpg\" alt=\"jungemit\" width=\"570\" height=\"372\" \/>\r\n\t\t\t\t\t\t\t\t\t\t<div class=\"slideshow_description_box slideshow_transparent\">\r\n\t\t\t\t\t\t<div class=\"slideshow_title\">jungemit<\/div>\t\t\t\t\t\t\t\t\t\t\t<\/div>\r\n\t\t\t\t<\/div>\r\n\r\n\t\t\t\t\t\t<div style=\"clear: both;\"><\/div><\/div><div class=\"slideshow_view\">\r\n\t\t\t\t<div class=\"slideshow_slide slideshow_slide_image\">\r\n\t\t\t\t\t\t\t\t\t\t\t<img src=\"http:\/\/evahahn.com\/wp-content\/uploads\/2016\/12\/KINDERM1.jpg\" alt=\"kinderm1\" width=\"431\" height=\"284\" \/>\r\n\t\t\t\t\t\t\t\t\t\t<div class=\"slideshow_description_box slideshow_transparent\">\r\n\t\t\t\t\t\t<div class=\"slideshow_title\">kinderm1<\/div>\t\t\t\t\t\t\t\t\t\t\t<\/div>\r\n\t\t\t\t<\/div>\r\n\r\n\t\t\t\t\t\t<div style=\"clear: both;\"><\/div><\/div><div class=\"slideshow_view\">\r\n\t\t\t\t<div class=\"slideshow_slide slideshow_slide_image\">\r\n\t\t\t\t\t\t\t\t\t\t\t<img src=\"http:\/\/evahahn.com\/wp-content\/uploads\/2016\/12\/KINDERMI.jpg\" alt=\"kindermi\" width=\"434\" height=\"283\" \/>\r\n\t\t\t\t\t\t\t\t\t\t<div class=\"slideshow_description_box slideshow_transparent\">\r\n\t\t\t\t\t\t<div class=\"slideshow_title\">kindermi<\/div>\t\t\t\t\t\t\t\t\t\t\t<\/div>\r\n\t\t\t\t<\/div>\r\n\r\n\t\t\t\t\t\t<div style=\"clear: both;\"><\/div><\/div><div class=\"slideshow_view\">\r\n\t\t\t\t<div class=\"slideshow_slide slideshow_slide_image\">\r\n\t\t\t\t\t\t\t\t\t\t\t<img src=\"http:\/\/evahahn.com\/wp-content\/uploads\/2016\/12\/MAEDCHE3.jpg\" alt=\"maedche3\" width=\"571\" height=\"373\" \/>\r\n\t\t\t\t\t\t\t\t\t\t<div class=\"slideshow_description_box slideshow_transparent\">\r\n\t\t\t\t\t\t<div class=\"slideshow_title\">maedche3<\/div>\t\t\t\t\t\t\t\t\t\t\t<\/div>\r\n\t\t\t\t<\/div>\r\n\r\n\t\t\t\t\t\t<div style=\"clear: both;\"><\/div><\/div><div class=\"slideshow_view\">\r\n\t\t\t\t<div class=\"slideshow_slide slideshow_slide_image\">\r\n\t\t\t\t\t\t\t\t\t\t\t<img src=\"http:\/\/evahahn.com\/wp-content\/uploads\/2016\/12\/MATERIAL.jpg\" alt=\"material\" width=\"434\" height=\"283\" \/>\r\n\t\t\t\t\t\t\t\t\t\t<div class=\"slideshow_description_box slideshow_transparent\">\r\n\t\t\t\t\t\t<div class=\"slideshow_title\">material<\/div>\t\t\t\t\t\t\t\t\t\t\t<\/div>\r\n\t\t\t\t<\/div>\r\n\r\n\t\t\t\t\t\t<div style=\"clear: both;\"><\/div><\/div>\r\n\t\t<\/div>\r\n\r\n\t\t<div class=\"slideshow_controlPanel slideshow_transparent\" style=\"display: none;\"><ul><li class=\"slideshow_togglePlay\" data-play-text=\"Abspielen\" data-pause-text=\"Pause\"><\/li><\/ul><\/div>\r\n\r\n\t\t<div class=\"slideshow_button slideshow_previous slideshow_transparent\" role=\"button\" data-previous-text=\"Vorheriges\" style=\"display: none;\"><\/div>\r\n\t\t<div class=\"slideshow_button slideshow_next slideshow_transparent\" role=\"button\" data-next-text=\"N\u00e4chstes\" style=\"display: none;\"><\/div>\r\n\r\n\t\t<div class=\"slideshow_pagination\" style=\"display: none;\" data-go-to-text=\"Gehe zum Bild\"><div class=\"slideshow_pagination_center\"><\/div><\/div>\r\n\r\n\t\t<!-- WordPress Slideshow Version 2.3.1 -->\r\n\r\n\t\t\t<\/div>\r\n\r\n<\/p>\n","protected":false},"excerpt":{"rendered":"<p>&nbsp; &#8222;Singen ist das Fundament zur Musik in allen Dingen.&#8220; G. Ph. Telemann Herzlich willkommen im Musikgarten! Alle Kinder lieben Musik und haben eine nat\u00fcrliche Freude an allem Klingenden, am Singen, Bewegen und Tanzen. Dies m\u00f6chte ich in meinen Kursen erhalten und f\u00f6rdern. Wir musizieren mit kindgerechten Musikinstrumenten wie Gl\u00f6ckchen, Rasseln, Klangh\u00f6lzern und Trommeln. Fingerspiele [&hellip;]<\/p>\n","protected":false},"author":1,"featured_media":0,"parent":11,"menu_order":0,"comment_status":"closed","ping_status":"closed","template":"","meta":[],"_links":{"self":[{"href":"http:\/\/evahahn.com\/index.php?rest_route=\/wp\/v2\/pages\/128"}],"collection":[{"href":"http:\/\/evahahn.com\/index.php?rest_route=\/wp\/v2\/pages"}],"about":[{"href":"http:\/\/evahahn.com\/index.php?rest_route=\/wp\/v2\/types\/page"}],"author":[{"embeddable":true,"href":"http:\/\/evahahn.com\/index.php?rest_route=\/wp\/v2\/users\/1"}],"replies":[{"embeddable":true,"href":"http:\/\/evahahn.com\/index.php?rest_route=%2Fwp%2Fv2%2Fcomments&post=128"}],"version-history":[{"count":14,"href":"http:\/\/evahahn.com\/index.php?rest_route=\/wp\/v2\/pages\/128\/revisions"}],"predecessor-version":[{"id":219,"href":"http:\/\/evahahn.com\/index.php?rest_route=\/wp\/v2\/pages\/128\/revisions\/219"}],"up":[{"embeddable":true,"href":"http:\/\/evahahn.com\/index.php?rest_route=\/wp\/v2\/pages\/11"}],"wp:attachment":[{"href":"http:\/\/evahahn.com\/index.php?rest_route=%2Fwp%2Fv2%2Fmedia&parent=128"}],"curies":[{"name":"wp","href":"https:\/\/api.w.org\/{rel}","templated":true}]}}